{"id":68393,"date":"2014-09-26T14:29:40","date_gmt":"2014-09-26T18:29:40","guid":{"rendered":"https:\/\/aceloans.org\/productos-de-prestamo\/"},"modified":"2023-06-16T13:22:13","modified_gmt":"2023-06-16T17:22:13","slug":"productos-de-prestamo","status":"publish","type":"page","link":"https:\/\/aceloans.org\/es\/productos-de-prestamo\/","title":{"rendered":"Nuestros Pr\u00e9stamos"},"content":{"rendered":"\n<div class=\"wp-block-group is-layout-flow wp-block-group-is-layout-flow\">\n<div style=\"height:56px\" aria-hidden=\"true\" class=\"wp-block-spacer\"><\/div>\n\n\n\n<h2 class=\"has-text-align-center wp-block-heading\">pr\u00e9stamos disponibles para empresarios<\/h2>\n\n\n\n<hr class=\"wp-block-separator has-css-opacity\"\/>\n\n\n\n<div style=\"height:48px\" aria-hidden=\"true\" class=\"wp-block-spacer\"><\/div>\n\n\n\n<div class=\"wp-block-columns is-layout-flex wp-container-core-columns-is-layout-1 wp-block-columns-is-layout-flex\">\n<div class=\"wp-block-column is-layout-flow wp-block-column-is-layout-flow\">\n<div id=\"micro-loan\" class=\"wp-block-group is-layout-flow wp-block-group-is-layout-flow\">\n<div class=\"wp-block-image\"><figure class=\"aligncenter size-thumbnail\"><img decoding=\"async\" width=\"150\" height=\"150\" src=\"https:\/\/aceloans.org\/wp-content\/uploads\/2020\/03\/ACE-Icons-Business-Growth-150x150.png\" alt=\"\" class=\"wp-image-12606\"\/><\/figure><\/div>\n\n\n\n<h4 class=\"has-text-align-center wp-block-heading\">Pr\u00e9stamos para peque\u00f1as empresas<\/h4>\n\n\n\n<p class=\"has-text-align-center\"><strong>Pr\u00e9stamos menores a <strong>$<\/strong>50.000<\/strong><\/p>\n\n\n\n<p class=\"has-text-align-left\">Lo \u00fanico que tiene que hacer es rellenar la solicitud en l\u00ednea. Necesitar\u00e1 presentar la documentaci\u00f3n requerida por ACE por fax, correo postal, correo electr\u00f3nico o en persona. La decisi\u00f3n final de su pr\u00e9stamo se determinar\u00e1 lo antes posible.<\/p>\n\n\n\n<div class=\"wp-block-buttons is-horizontal is-content-justification-center is-layout-flex wp-container-core-buttons-is-layout-1 wp-block-buttons-is-layout-flex\">\n<div class=\"wp-block-button\"><a class=\"wp-block-button__link has-background wp-element-button\" href=\"https:\/\/aceloans.org\/apply-for-a-loan\/small-business-loans\/\" style=\"border-radius:4px;background-color:#669900\">Aplique en l\u00ednea<\/a><\/div>\n<\/div>\n<\/div>\n<\/div>\n\n\n\n<div class=\"wp-block-column is-layout-flow wp-block-column-is-layout-flow\">\n<div id=\"commercial-loan\" class=\"wp-block-group is-layout-flow wp-block-group-is-layout-flow\">\n<div class=\"wp-block-image\"><figure class=\"aligncenter size-thumbnail\"><img decoding=\"async\" width=\"150\" height=\"150\" src=\"https:\/\/aceloans.org\/wp-content\/uploads\/2020\/11\/commercial_icon-150x150.png\" alt=\"\" class=\"wp-image-18342\" srcset=\"https:\/\/aceloans.org\/wp-content\/uploads\/2020\/11\/commercial_icon-150x150.png 150w, https:\/\/aceloans.org\/wp-content\/uploads\/2020\/11\/commercial_icon.png 300w\" sizes=\"(max-width: 150px) 100vw, 150px\" \/><\/figure><\/div>\n\n\n\n<h4 class=\"has-text-align-center wp-block-heading\">Pr\u00e9stamos comerciales<\/h4>\n\n\n\n<p class=\"has-text-align-center\"><strong>Pr\u00e9stamos mayores a <strong>$<\/strong>50.000 hasta <strong>$<\/strong>1.000.000<\/strong><\/p>\n\n\n\n<p class=\"has-text-align-left\">Lo \u00fanico que tiene que hacer es rellenar la solicitud en l\u00ednea. Necesitar\u00e1 presentar la documentaci\u00f3n requerida por ACE por fax, correo postal, correo electr\u00f3nico o en persona. La decisi\u00f3n final de su pr\u00e9stamo se determinar\u00e1 lo antes posible.<\/p>\n\n\n\n<div class=\"wp-block-buttons is-horizontal is-content-justification-center is-layout-flex wp-container-core-buttons-is-layout-2 wp-block-buttons-is-layout-flex\">\n<div class=\"wp-block-button\"><a class=\"wp-block-button__link has-background wp-element-button\" href=\"https:\/\/aceloans.org\/apply-for-a-loan\/commercial-loans\/\" style=\"border-radius:4px;background-color:#669900\">Aplique en l\u00ednea<\/a><\/div>\n<\/div>\n<\/div>\n<\/div>\n<\/div>\n\n\n\n<div style=\"height:48px\" aria-hidden=\"true\" class=\"wp-block-spacer\"><\/div>\n<\/div>\n\n\n\n<div class=\"wp-block-columns are-vertically-aligned-center is-layout-flex wp-container-core-columns-is-layout-2 wp-block-columns-is-layout-flex\">\n<div class=\"wp-block-column is-vertically-aligned-center is-layout-flow wp-block-column-is-layout-flow\" style=\"flex-basis:50%\">\n<div class=\"wp-block-group is-layout-flow wp-block-group-is-layout-flow\">\n<div id=\"dekalb-loan\" class=\"wp-block-group is-layout-flow wp-block-group-is-layout-flow\">\n<figure class=\"wp-block-image aligncenter size-full is-resized\"><a href=\"https:\/\/aceloans.org\/wp-content\/uploads\/2022\/03\/ACE-Poster-Fulton-County-Loan-SNIP-BLUE-2.png\"><img decoding=\"async\" src=\"https:\/\/aceloans.org\/wp-content\/uploads\/2022\/03\/ACE-Poster-Fulton-County-Loan-SNIP-BLUE-2.png\" alt=\"\" class=\"wp-image-42788\" width=\"231\" height=\"149\" srcset=\"https:\/\/aceloans.org\/wp-content\/uploads\/2022\/03\/ACE-Poster-Fulton-County-Loan-SNIP-BLUE-2.png 331w, https:\/\/aceloans.org\/wp-content\/uploads\/2022\/03\/ACE-Poster-Fulton-County-Loan-SNIP-BLUE-2-300x195.png 300w\" sizes=\"(max-width: 231px) 100vw, 231px\" \/><\/a><\/figure>\n\n\n\n<h4 class=\"has-text-align-center wp-block-heading\">Programa de pr\u00e9stamos del condado de Fulton para empresas afectadas por la pandemia<\/h4>\n\n\n\n<p class=\"has-text-align-center\"><strong>Pr\u00e9stamos para empresas hasta $250.000<\/strong><\/p>\n\n\n\n<p class=\"has-text-align-left\">Este programa de pr\u00e9stamos asequibles se cre\u00f3 para ayudar a las peque\u00f1as empresas m\u00e1s afectadas por la pandemia, prioritariamente mujeres y\/o minor\u00edas propietarias de empresas. Adem\u00e1s, tendr\u00e1n prioridad para la concesi\u00f3n de pr\u00e9stamos las industrias de negocios m\u00e1s afectadas por COVID, como: las artes esc\u00e9nicas, los servicios de restauraci\u00f3n, la m\u00fasica y el cine, la educaci\u00f3n y el alojamiento.<\/p>\n\n\n\n<div class=\"wp-block-buttons is-horizontal is-content-justification-center is-layout-flex wp-container-core-buttons-is-layout-3 wp-block-buttons-is-layout-flex\">\n<div class=\"wp-block-button is-style-outline is-style-outline--1\"><a class=\"wp-block-button__link has-white-color has-text-color has-background wp-element-button\" href=\"https:\/\/aceloans.org\/fulton\/\" style=\"border-radius:5px;background-color:#669900\">Aplique en l\u00ednea<\/a><\/div>\n<\/div>\n<\/div>\n<\/div>\n<\/div>\n\n\n\n<div class=\"wp-block-column is-vertically-aligned-center is-layout-flow wp-block-column-is-layout-flow\" style=\"flex-basis:50%\">\n<div class=\"wp-block-group is-layout-flow wp-block-group-is-layout-flow\">\n<div id=\"dekalb-loan\" class=\"wp-block-group is-layout-flow wp-block-group-is-layout-flow\">\n<figure class=\"wp-block-image aligncenter is-resized\"><img decoding=\"async\" src=\"https:\/\/aceloans.org\/wp-content\/uploads\/2023\/04\/metro-Atlanta-logo-me.png\" alt=\"\" class=\"wp-image-67192\" width=\"260\" height=\"133\" srcset=\"https:\/\/aceloans.org\/wp-content\/uploads\/2023\/04\/metro-Atlanta-logo-me-980x506.png 980w, https:\/\/aceloans.org\/wp-content\/uploads\/2023\/04\/metro-Atlanta-logo-me-480x248.png 480w\" sizes=\"(min-width: 0px) and (max-width: 480px) 480px, (min-width: 481px) and (max-width: 980px) 980px, 100vw\" \/><\/figure>\n\n\n\n<h4 class=\"has-text-align-center wp-block-heading\">Pr\u00e9stamos comerciales para empresas en la area metropolitana de Atlanta<\/h4>\n\n\n\n<p class=\"has-text-align-center\"><strong>Pr\u00e9stamos comerciales de $50.001 hasta $250.000<\/strong><\/p>\n\n\n\n<p>*Debe ser residente o propietario de un negocio en el \u00e1rea metropolitana de Atlanta. <\/p>\n\n\n\n<p>Una vez presentada la solicitud, se pedir\u00e1 a los solicitantes que re\u00fanan los requisitos que faciliten a ACE la documentaci\u00f3n requerida.  La decisi\u00f3n se tomar\u00e1 lo antes posible..<\/p>\n\n\n\n<div class=\"wp-block-buttons is-horizontal is-content-justification-center is-layout-flex wp-container-core-buttons-is-layout-4 wp-block-buttons-is-layout-flex\">\n<div class=\"wp-block-button is-style-outline is-style-outline--2\"><a class=\"wp-block-button__link has-white-color has-text-color has-background wp-element-button\" href=\"https:\/\/aceloans.org\/apply-for-a-loan\/metro-atlanta-commercial-loans\/\" style=\"border-radius:5px;background-color:#669900\">M\u00e1s Informaci\u00f3n<\/a><\/div>\n<\/div>\n<\/div>\n<\/div>\n<\/div>\n<\/div>\n\n\n\n<div style=\"height:48px\" aria-hidden=\"true\" class=\"wp-block-spacer\"><\/div>\n\n\n\n<div class=\"wp-block-columns is-layout-flex wp-container-core-columns-is-layout-3 wp-block-columns-is-layout-flex\">\n<div class=\"wp-block-column is-layout-flow wp-block-column-is-layout-flow\">\n<div id=\"energy-loan\" class=\"wp-block-group is-layout-flow wp-block-group-is-layout-flow\">\n<figure class=\"wp-block-image aligncenter size-full is-resized\"><a href=\"https:\/\/aceloans.org\/wp-content\/uploads\/2022\/08\/logo-city-of-atlanta.png\"><img decoding=\"async\" src=\"https:\/\/aceloans.org\/wp-content\/uploads\/2022\/08\/logo-city-of-atlanta.png\" alt=\"\" class=\"wp-image-51721\" width=\"270\" height=\"144\"\/><\/a><\/figure>\n\n\n\n<h4 class=\"has-text-align-center wp-block-heading\"> Pr\u00e9stamos comerciales de la Ciudad de Atlanta<\/h4>\n\n\n\n<p class=\"has-text-align-center\"><strong>Pr\u00e9stamos comerciales de $50.001 hasta $250.000<\/strong><\/p>\n\n\n\n<p>*Debe ser residente o propietario de un negocio en el \u00e1rea metropolitana de Atlanta. <\/p>\n\n\n\n<p>Una vez presentada la solicitud, necesitar\u00e1 presentar la documentaci\u00f3n requerida por ACE por fax, correo postal, correo electr\u00f3nico o en persona. La decisi\u00f3n final de su pr\u00e9stamo se determinar\u00e1 lo antes posible.<\/p>\n\n\n\n<div class=\"wp-block-buttons is-horizontal is-content-justification-center is-layout-flex wp-container-core-buttons-is-layout-5 wp-block-buttons-is-layout-flex\">\n<div class=\"wp-block-button\"><a class=\"wp-block-button__link has-background wp-element-button\" href=\"https:\/\/aceloans.org\/apply-for-a-loan\/city-of-atlanta-commercial-loans\/\" style=\"border-radius:4px;background-color:#669900\">Aplique en l\u00ednea<\/a><\/div>\n<\/div>\n<\/div>\n<\/div>\n\n\n\n<div class=\"wp-block-column is-layout-flow wp-block-column-is-layout-flow\">\n<div id=\"energy-loan\" class=\"wp-block-group is-layout-flow wp-block-group-is-layout-flow\">\n<figure class=\"wp-block-image aligncenter size-thumbnail is-resized\"><img decoding=\"async\" src=\"https:\/\/aceloans.org\/wp-content\/uploads\/2020\/08\/ClientSpotlight-Icon-150x150.png\" alt=\"\" class=\"wp-image-16723\" width=\"113\" height=\"113\" srcset=\"https:\/\/aceloans.org\/wp-content\/uploads\/2020\/08\/ClientSpotlight-Icon-150x150.png 150w, https:\/\/aceloans.org\/wp-content\/uploads\/2020\/08\/ClientSpotlight-Icon.png 300w\" sizes=\"(max-width: 113px) 100vw, 113px\" \/><\/figure>\n\n\n\n<div style=\"height:10px\" aria-hidden=\"true\" class=\"wp-block-spacer\"><\/div>\n\n\n\n<h4 class=\"has-text-align-center wp-block-heading\"> Pr\u00e9stamo de Eficiencia Energ\u00e9tica con un interes del 1.99%<\/h4>\n\n\n\n<p class=\"has-text-align-center\"><strong>Pr\u00e9stamos para edificios comerciales de $15.000 hasta $500.000<\/strong><\/p>\n\n\n\n<p>A trav\u00e9s de nuestro programa Georgia Green Loan (GGL, por sus siglas en ingl<strong>\u00e9<\/strong>s), otorgamos pr\u00e9stamos para ayudar a las peque\u00f1as empresas del estado de Georgia a reducir sus costos de energ\u00eda y mejorar su sostenibilidad.<\/p>\n\n\n\n<div class=\"wp-block-buttons is-horizontal is-content-justification-center is-layout-flex wp-container-core-buttons-is-layout-6 wp-block-buttons-is-layout-flex\">\n<div class=\"wp-block-button is-style-outline is-style-outline--3\"><a class=\"wp-block-button__link has-text-color wp-element-button\" href=\"https:\/\/aceloans.org\/wp-content\/uploads\/2021\/06\/ACE-Energy-Efficiency-Rack-Card-100.pdf\" style=\"border-radius:4px;color:#669900\" target=\"_blank\" rel=\"noreferrer noopener\">M\u00e1s informaci\u00f3n<\/a><\/div>\n\n\n\n<div class=\"wp-block-button\"><a class=\"wp-block-button__link has-background wp-element-button\" href=\"https:\/\/apply.aceloans.org\/auth\/EnergyLoan\" style=\"border-radius:4px;background-color:#669900\" target=\"_blank\" rel=\"noreferrer noopener\">Aplique en l\u00ednea<\/a><\/div>\n<\/div>\n<\/div>\n<\/div>\n<\/div>\n\n\n\n<div style=\"height:48px\" aria-hidden=\"true\" class=\"wp-block-spacer\"><\/div>\n\n\n\n<div class=\"wp-block-columns is-layout-flex wp-container-core-columns-is-layout-4 wp-block-columns-is-layout-flex\">\n<div class=\"wp-block-column is-layout-flow wp-block-column-is-layout-flow\"><\/div>\n\n\n\n<div class=\"wp-block-column is-layout-flow wp-block-column-is-layout-flow\">\n<div class=\"wp-block-group has-background is-layout-flow wp-block-group-is-layout-flow\" style=\"background-color:#ece6d6\">\n<div style=\"height:20px\" aria-hidden=\"true\" class=\"wp-block-spacer\"><\/div>\n\n\n\n<h2 class=\"has-text-align-center has-text-color wp-block-heading\" style=\"color:#f47d20\">\u00bfNo est\u00e1 seguro de estar preparado para aplicar para un prestamo?<\/h2>\n\n\n\n<p class=\"has-text-align-center\">Ofrecemos muchos recursos para ayudar a su empresa a crecer, incluida la preparaci\u00f3n para obtner un pr\u00e9stamo. \u00a1Empiece con estos recursos gratuitos!<\/p>\n\n\n\n<div class=\"wp-block-buttons is-horizontal is-content-justification-center is-layout-flex wp-container-core-buttons-is-layout-7 wp-block-buttons-is-layout-flex\">\n<div class=\"wp-block-button\"><a class=\"wp-block-button__link has-background wp-element-button\" href=\"https:\/\/aceloans.org\/es\/productos-de-prestamo\/prepararse-para-obtener-un-prestamo-de-negocios\/\" style=\"border-radius:4px;background-color:#669900\">Prep\u00e1rese para obtener         un pr\u00e9stamo<\/a><\/div>\n<\/div>\n\n\n\n<div style=\"height:50px\" aria-hidden=\"true\" class=\"wp-block-spacer\"><\/div>\n\n\n\n<p><\/p>\n<\/div>\n<\/div>\n\n\n\n<div class=\"wp-block-column is-layout-flow wp-block-column-is-layout-flow\"><\/div>\n<\/div>\n\n\n\n<div style=\"height:48px\" aria-hidden=\"true\" class=\"wp-block-spacer\"><\/div>\n\n\n\n<hr class=\"wp-block-separator has-css-opacity\"\/>\n\n\n\n<div style=\"height:36px\" aria-hidden=\"true\" class=\"wp-block-spacer\"><\/div>\n\n\n\n<div style=\"height:100px\" aria-hidden=\"true\" class=\"wp-block-spacer\"><\/div>\n","protected":false},"excerpt":{"rendered":"<p>pr\u00e9stamos disponibles para empresarios Pr\u00e9stamos para peque\u00f1as empresas Pr\u00e9stamos menores a $50.000 Lo \u00fanico que tiene que hacer es rellenar la solicitud en l\u00ednea. Necesitar\u00e1 presentar la documentaci\u00f3n requerida por ACE por fax, correo postal, correo electr\u00f3nico o en persona. La decisi\u00f3n final de su pr\u00e9stamo se determinar\u00e1 lo antes posible. Pr\u00e9stamos comerciales Pr\u00e9stamos mayores [&hellip;]<\/p>\n","protected":false},"author":1,"featured_media":0,"parent":0,"menu_order":3,"comment_status":"closed","ping_status":"closed","template":"","meta":{"_acf_changed":false,"_et_pb_use_builder":"off","_et_pb_old_content":"","_et_gb_content_width":"","footnotes":""},"class_list":["post-68393","page","type-page","status-publish","hentry"],"acf":[],"_links":{"self":[{"href":"https:\/\/aceloans.org\/es\/wp-json\/wp\/v2\/pages\/68393","targetHints":{"allow":["GET"]}}],"collection":[{"href":"https:\/\/aceloans.org\/es\/wp-json\/wp\/v2\/pages"}],"about":[{"href":"https:\/\/aceloans.org\/es\/wp-json\/wp\/v2\/types\/page"}],"author":[{"embeddable":true,"href":"https:\/\/aceloans.org\/es\/wp-json\/wp\/v2\/users\/1"}],"replies":[{"embeddable":true,"href":"https:\/\/aceloans.org\/es\/wp-json\/wp\/v2\/comments?post=68393"}],"version-history":[{"count":28,"href":"https:\/\/aceloans.org\/es\/wp-json\/wp\/v2\/pages\/68393\/revisions"}],"predecessor-version":[{"id":71723,"href":"https:\/\/aceloans.org\/es\/wp-json\/wp\/v2\/pages\/68393\/revisions\/71723"}],"wp:attachment":[{"href":"https:\/\/aceloans.org\/es\/wp-json\/wp\/v2\/media?parent=68393"}],"curies":[{"name":"wp","href":"https:\/\/api.w.org\/{rel}","templated":true}]}}