{"id":28402,"date":"2021-08-31T19:07:23","date_gmt":"2021-08-31T23:07:23","guid":{"rendered":"https:\/\/aceloans.org\/?page_id=28402"},"modified":"2026-01-13T13:40:11","modified_gmt":"2026-01-13T18:40:11","slug":"iniciar-la-prosperidad","status":"publish","type":"page","link":"https:\/\/aceloans.org\/es\/iniciar-la-prosperidad\/","title":{"rendered":"Programa Initiate"},"content":{"rendered":"\n<div class=\"wpml-ls-statics-shortcode_actions wpml-ls wpml-ls-legacy-list-horizontal\">\n\t<ul><li class=\"wpml-ls-slot-shortcode_actions wpml-ls-item wpml-ls-item-en wpml-ls-first-item wpml-ls-item-legacy-list-horizontal\">\n\t\t\t\t<a href=\"https:\/\/aceloans.org\/\" class=\"wpml-ls-link\">\n                    <span class=\"wpml-ls-native\" lang=\"en\">English<\/span><span class=\"wpml-ls-display\"><span class=\"wpml-ls-bracket\"> (<\/span>Ingl\u00e9s<span class=\"wpml-ls-bracket\">)<\/span><\/span><\/a>\n\t\t\t<\/li><li class=\"wpml-ls-slot-shortcode_actions wpml-ls-item wpml-ls-item-es wpml-ls-current-language wpml-ls-last-item wpml-ls-item-legacy-list-horizontal\">\n\t\t\t\t<a href=\"https:\/\/aceloans.org\/es\/\" class=\"wpml-ls-link\">\n                    <span class=\"wpml-ls-native\">Espa\u00f1ol<\/span><\/a>\n\t\t\t<\/li><\/ul>\n<\/div>\n\n\n\n\n<div class=\"wp-block-image\"><figure class=\"aligncenter size-large\"><a href=\"https:\/\/aceloans.org\/wp-content\/uploads\/2020\/07\/Ace-Digital-Banner-4-ESP.jpg\"><img decoding=\"async\" width=\"1024\" height=\"289\" src=\"https:\/\/aceloans.org\/wp-content\/uploads\/2020\/07\/Ace-Digital-Banner-4-1024x289.jpg\" alt=\"\" class=\"wp-image-28404\" srcset=\"https:\/\/aceloans.org\/wp-content\/uploads\/2020\/07\/Ace-Digital-Banner-4-980x276.jpg 980w, https:\/\/aceloans.org\/wp-content\/uploads\/2020\/07\/Ace-Digital-Banner-4-480x135.jpg 480w\" sizes=\"(min-width: 0px) and (max-width: 480px) 480px, (min-width: 481px) and (max-width: 980px) 980px, (min-width: 981px) 1024px, 100vw\" \/><\/a><\/figure><\/div>\n\n\n\n<div style=\"height:28px\" aria-hidden=\"true\" class=\"wp-block-spacer\"><\/div>\n\n\n\n<p>Initiate es un recurso empresarial en l\u00ednea con m\u00e1s de 100 herramientas interactivas, plantillas, v\u00eddeos y gu\u00edas de aprendizaje. ACE ofrece este programa como parte de nuestros Servicios de Asesoramiento Empresarial a nuestros clientes para ayudarles a fortalecer sus habilidades financieras y de gesti\u00f3n empresarial para que puedan dirigir con \u00e9xito su peque\u00f1a empresa. \u00a1Siga las indicaciones para crear una cuenta nueva y empezar a usar Initiate!<\/p>\n\n\n\n<p><strong>Por favor responda las siguientes preguntas para saber si califica para este programa:<\/strong><\/p>\n\n\n\n<div style=\"height:50px\" aria-hidden=\"true\" class=\"wp-block-spacer\"><\/div>\n\n\n<link rel='stylesheet' id='formidable-css' href='https:\/\/aceloans.org\/wp-content\/plugins\/formidable\/css\/formidableforms.css?ver=1221729' type='text\/css' media='all' \/>\n<div class=\"frm_forms  with_frm_style frm_style_formidable-style\" id=\"frm_form_43_container\" data-token=\"9795eff3e757d16e9bb9f1945183007d\">\n<form enctype=\"multipart\/form-data\" method=\"post\" class=\"frm-show-form  frm_pro_form \" id=\"form_initiateprogram\" data-token=\"9795eff3e757d16e9bb9f1945183007d\">\n<div class=\"frm_form_fields \">\n<fieldset>\n<legend class=\"frm_screen_reader\">Initiate Program\t<\/legend>\r\n\r\n<div class=\"frm_fields_container\">\n<input type=\"hidden\" name=\"frm_action\" value=\"create\" \/>\n<input type=\"hidden\" name=\"form_id\" value=\"43\" \/>\n<input type=\"hidden\" name=\"frm_hide_fields_43\" id=\"frm_hide_fields_43\" value=\"\" \/>\n<input type=\"hidden\" name=\"form_key\" value=\"initiateprogram\" \/>\n<input type=\"hidden\" name=\"item_meta[0]\" value=\"\" \/>\n<input type=\"hidden\" id=\"frm_submit_entry_43\" name=\"frm_submit_entry_43\" value=\"153face432\" \/><input type=\"hidden\" name=\"_wp_http_referer\" value=\"\/es\/wp-json\/wp\/v2\/pages\/28402\" \/><div id=\"frm_field_851_container\" class=\"frm_form_field form-field  frm_required_field frm_top_container vertical_radio\">\r\n    <div  id=\"field_hjra5_label\" class=\"frm_primary_label\">\u00bfTiene un pr\u00e9stamo con ACE?\r\n        <span class=\"frm_required\" aria-hidden=\"true\">*<\/span>\r\n    <\/div>\r\n    <div class=\"frm_opt_container\" aria-labelledby=\"field_hjra5_label\" role=\"radiogroup\" aria-required=\"true\">\t\t<div class=\"frm_radio\" id=\"frm_radio_851-0\">\t\t\t<label  for=\"field_hjra5-0\">\n\t\t\t\t\t<input type=\"radio\" name=\"item_meta[851]\" id=\"field_hjra5-0\" value=\"Yes\"\n\t\t   data-reqmsg=\"\u00bfTiene un pr\u00e9stamo con ACE? cannot be blank.\" data-invmsg=\"\u00bfTiene un pr\u00e9stamo con ACE? no es v\u00e1lido\" aria-invalid=\"false\"  \/> S\u00ed<\/label><\/div>\n\t\t<div class=\"frm_radio\" id=\"frm_radio_851-1\">\t\t\t<label  for=\"field_hjra5-1\">\n\t\t\t\t\t<input type=\"radio\" name=\"item_meta[851]\" id=\"field_hjra5-1\" value=\"No\"\n\t\t   data-reqmsg=\"\u00bfTiene un pr\u00e9stamo con ACE? cannot be blank.\" data-invmsg=\"\u00bfTiene un pr\u00e9stamo con ACE? no es v\u00e1lido\" aria-invalid=\"false\"  \/> No<\/label><\/div>\n<\/div>\r\n    \r\n    \r\n<\/div>\n<div id=\"frm_field_866_container\" class=\"frm_form_field form-field  frm_required_field frm_top_container vertical_radio\">\r\n    <div  id=\"field_5uo8_label\" class=\"frm_primary_label\">\u00bfTiene un c\u00f3digo de acceso?\r\n        <span class=\"frm_required\" aria-hidden=\"true\">*<\/span>\r\n    <\/div>\r\n    <div class=\"frm_opt_container\" aria-labelledby=\"field_5uo8_label\" role=\"radiogroup\" aria-required=\"true\">\t\t<div class=\"frm_radio\" id=\"frm_radio_866-0\">\t\t\t<label  for=\"field_5uo8-0\">\n\t\t\t\t\t<input type=\"radio\" name=\"item_meta[866]\" id=\"field_5uo8-0\" value=\"Yes\"\n\t\t   data-reqmsg=\"Este campo no puede estar vac\u00edo.\" data-invmsg=\"\u00bfTiene un c\u00f3digo de acceso? no es v\u00e1lido\" aria-invalid=\"false\"  \/> S\u00ed<\/label><\/div>\n\t\t<div class=\"frm_radio\" id=\"frm_radio_866-1\">\t\t\t<label  for=\"field_5uo8-1\">\n\t\t\t\t\t<input type=\"radio\" name=\"item_meta[866]\" id=\"field_5uo8-1\" value=\"No\"\n\t\t   data-reqmsg=\"Este campo no puede estar vac\u00edo.\" data-invmsg=\"\u00bfTiene un c\u00f3digo de acceso? no es v\u00e1lido\" aria-invalid=\"false\"  \/> No<\/label><\/div>\n<\/div>\r\n    \r\n    \r\n<\/div>\n<div id=\"frm_field_854_container\" class=\"frm_form_field form-field  frm_required_field frm_top_container vertical_radio\">\r\n    <div  id=\"field_zn736_label\" class=\"frm_primary_label\">\u00bfRecibiste una invitaci\u00f3n de WBC?\r\n        <span class=\"frm_required\" aria-hidden=\"true\">*<\/span>\r\n    <\/div>\r\n    <div class=\"frm_opt_container\" aria-labelledby=\"field_zn736_label\" role=\"radiogroup\" aria-required=\"true\">\t\t<div class=\"frm_radio\" id=\"frm_radio_854-0\">\t\t\t<label  for=\"field_zn736-0\">\n\t\t\t\t\t<input type=\"radio\" name=\"item_meta[854]\" id=\"field_zn736-0\" value=\"I have received an invitation from the WBC.\"\n\t\t   data-reqmsg=\"Este campo no puede estar vac\u00edo.\" data-invmsg=\"\u00bfRecibiste una invitaci\u00f3n de WBC? no es v\u00e1lido\" aria-invalid=\"false\"  \/> Recib\u00ed una invitaci\u00f3n del WBC.<\/label><\/div>\n\t\t<div class=\"frm_radio\" id=\"frm_radio_854-1\">\t\t\t<label  for=\"field_zn736-1\">\n\t\t\t\t\t<input type=\"radio\" name=\"item_meta[854]\" id=\"field_zn736-1\" value=\"I don\u2019t have an invitation.\"\n\t\t   data-reqmsg=\"Este campo no puede estar vac\u00edo.\" data-invmsg=\"\u00bfRecibiste una invitaci\u00f3n de WBC? no es v\u00e1lido\" aria-invalid=\"false\"  \/> No tengo invitaci\u00f3n<\/label><\/div>\n<\/div>\r\n    \r\n    \r\n<\/div>\n<div id=\"frm_field_865_container\" class=\"frm_form_field  frm_html_container form-field\">\n<div id=\"frm_field_[id]_container\" class=\"frm_form_field form-field [required_class][error_class]\"> <button class=\"frm_button_continue\" type=\"button\"><a href=\"https:\/\/ace.initiateprosperity.org\/create-account\">Continuar para acceder a la cuenta<\/a><\/button> <\/div>\n<\/div>\n<div id=\"frm_field_867_container\" class=\"frm_form_field frm_section_heading form-field \">\r\n<h3 class=\"frm_pos_top frm_section_spacing\">Request Access<\/h3>\r\n\r\n\r\n<div id=\"frm_field_855_container\" class=\"frm_form_field form-field  frm_required_field frm_top_container\">\r\n    <div  id=\"field_bkrdn_label\" class=\"frm_primary_label\">Nombre\r\n        <span class=\"frm_required\" aria-hidden=\"true\">*<\/span>\r\n    <\/div>\r\n    <fieldset aria-labelledby=\"field_bkrdn_label\">\n\t<legend class=\"frm_screen_reader frm_hidden\">\n\t\tNombre\t<\/legend>\n\n\t<div  class=\"frm_combo_inputs_container\" id=\"frm_combo_inputs_container_855\" data-name-layout=\"first_last\">\n\t\t\t\t\t<div\n\t\t\t\tid=\"frm_field_855-first_container\"\n\t\t\t\tclass=\"frm_form_field form-field frm_form_subfield-first  frm6\"\n\t\t\t\tdata-sub-field-name=\"first\"\n\t\t\t>\n\t\t\t\t<label for=\"field_bkrdn_first\" class=\"frm_screen_reader frm_hidden\">\n\t\t\t\t\tPrimero\t\t\t\t<\/label>\n\n\t\t\t\t\t\t\t\t\t\t<input\n\t\t\t\t\t\t\ttype=\"text\"\n\t\t\t\t\t\t\tid=\"field_bkrdn_first\"\n\t\t\t\t\t\t\tvalue=\"\"\n\t\t\t\t\t\t\tname=\"item_meta[855][first]\"  data-sectionid=\"867\"  data-reqmsg=\"Este campo no puede estar vac\u00edo.\" aria-required=\"true\" data-invmsg=\"Nombre no es v\u00e1lido\" aria-invalid=\"false\"  \t\t\t\t\t\t\/>\n\t\t\t\t\t\t<div class=\"frm_description\" id=\"frm_field_855_first_desc\">Primero<\/div>\t\t\t<\/div>\n\t\t\t\t\t\t<div\n\t\t\t\tid=\"frm_field_855-last_container\"\n\t\t\t\tclass=\"frm_form_field form-field frm_form_subfield-last  frm6\"\n\t\t\t\tdata-sub-field-name=\"last\"\n\t\t\t>\n\t\t\t\t<label for=\"field_bkrdn_last\" class=\"frm_screen_reader frm_hidden\">\n\t\t\t\t\t\u00daltimo\t\t\t\t<\/label>\n\n\t\t\t\t\t\t\t\t\t\t<input\n\t\t\t\t\t\t\ttype=\"text\"\n\t\t\t\t\t\t\tid=\"field_bkrdn_last\"\n\t\t\t\t\t\t\tvalue=\"\"\n\t\t\t\t\t\t\tname=\"item_meta[855][last]\"  data-sectionid=\"867\"  data-reqmsg=\"Este campo no puede estar vac\u00edo.\" aria-required=\"true\" data-invmsg=\"Nombre no es v\u00e1lido\" aria-invalid=\"false\"  \t\t\t\t\t\t\/>\n\t\t\t\t\t\t<div class=\"frm_description\" id=\"frm_field_855_last_desc\">\u00daltimo<\/div>\t\t\t<\/div>\n\t\t\t\t<\/div>\n<\/fieldset>\n\r\n    \r\n    \r\n<\/div>\n<div id=\"frm_field_856_container\" class=\"frm_form_field form-field  frm_required_field frm_top_container\">\r\n    <label for=\"field_yu8kz\" id=\"field_yu8kz_label\" class=\"frm_primary_label\">Correo electr\u00f3nico\r\n        <span class=\"frm_required\" aria-hidden=\"true\">*<\/span>\r\n    <\/label>\r\n    <input type=\"email\" id=\"field_yu8kz\" name=\"item_meta[856]\" value=\"\"  data-sectionid=\"867\"  data-reqmsg=\"Este campo no puede estar vac\u00edo.\" aria-required=\"true\" data-invmsg=\"el correo electr\u00f3nico es invalido\" aria-invalid=\"false\"  \/>\r\n    \r\n    \r\n<\/div>\n<div id=\"frm_field_857_container\" class=\"frm_form_field form-field  frm_required_field frm_top_container\">\r\n    <label for=\"field_7o96a\" id=\"field_7o96a_label\" class=\"frm_primary_label\">Tel\u00e9fono\r\n        <span class=\"frm_required\" aria-hidden=\"true\">*<\/span>\r\n    <\/label>\r\n    <input type=\"tel\" id=\"field_7o96a\" name=\"item_meta[857]\" value=\"\"  data-sectionid=\"867\"  data-reqmsg=\"Este campo no puede estar vac\u00edo.\" aria-required=\"true\" data-invmsg=\"El tel\u00e9fono no es v\u00e1lido\" aria-invalid=\"false\" pattern=\"((\\+\\d{1,3}(-|.| )?\\(?\\d\\)?(-| |.)?\\d{1,5})|(\\(?\\d{2,6}\\)?))(-|.| )?(\\d{3,4})(-|.| )?(\\d{4})(( x| ext)\\d{1,5}){0,1}$\"  \/>\r\n    \r\n    \r\n<\/div>\n<div id=\"frm_field_1074_container\" class=\"frm_form_field form-field  frm_required_field frm_top_container\">\r\n    <label for=\"field_fzgqn\" id=\"field_fzgqn_label\" class=\"frm_primary_label\">Zip Code\r\n        <span class=\"frm_required\" aria-hidden=\"true\">*<\/span>\r\n    <\/label>\r\n    <input type=\"number\" id=\"field_fzgqn\" name=\"item_meta[1074]\" value=\"\" data-sectionid=\"867\"  data-reqmsg=\"Zip Code cannot be blank.\" aria-required=\"true\" data-invmsg=\"Number is invalid\" aria-invalid=\"false\"   min=\"29000\" max=\"40000\" step=\"any\" \/>\r\n    \r\n    \r\n<\/div>\n<div id=\"frm_field_858_container\" class=\"frm_form_field form-field  frm_top_container\">\r\n    <label for=\"field_18edo\" id=\"field_18edo_label\" class=\"frm_primary_label\">Incluya comentarios o preguntas:\r\n        <span class=\"frm_required\" aria-hidden=\"true\"><\/span>\r\n    <\/label>\r\n    <textarea name=\"item_meta[858]\" id=\"field_18edo\" rows=\"5\"  data-sectionid=\"867\"  data-invmsg=\"Incluya comentarios o preguntas: no es v\u00e1lido\" aria-invalid=\"false\"  ><\/textarea>\r\n    \r\n    \r\n<\/div>\n<\/div>\n\t<input type=\"hidden\" name=\"item_key\" value=\"\" \/>\n\t\t\t\t<div class=\"frm__660f782789984\">\n\t\t\t\t<label for=\"frm_email_43\" >\n\t\t\t\t\tSi eres humano, deja este campo en blanco.\t\t\t\t<\/label>\n\t\t\t\t<input  id=\"frm_email_43\" type=\"email\" class=\"frm_verify\" name=\"frm__660f782789984\" value=\"\"  \/>\n\t\t\t<\/div>\n\t\t<input name=\"frm_state\" type=\"hidden\" value=\"YjOYFkEMRKsIOKOudhm2dZ1TCZjheBB+rQCRC2SlEsjui4m2sAVwOMGr8OpxUtye\" \/><div class=\"frm_submit\">\r\n\r\n<button class=\"frm_button_submit frm_final_submit\" type=\"submit\"   formnovalidate=\"formnovalidate\">Enviar<\/button>\r\n\r\n<\/div><\/div>\n<\/fieldset>\n<\/div>\n\n<\/form>\n<\/div>\n\n","protected":false},"excerpt":{"rendered":"<p>Initiate es un recurso empresarial en l\u00ednea con m\u00e1s de 100 herramientas interactivas, plantillas, v\u00eddeos y gu\u00edas de aprendizaje. ACE ofrece este programa como parte de nuestros Servicios de Asesoramiento Empresarial a nuestros clientes para ayudarles a fortalecer sus habilidades financieras y de gesti\u00f3n empresarial para que puedan dirigir con \u00e9xito su peque\u00f1a empresa. \u00a1Siga [&hellip;]<\/p>\n","protected":false},"author":1,"featured_media":0,"parent":0,"menu_order":5,"comment_status":"closed","ping_status":"closed","template":"","meta":{"_acf_changed":false,"_et_pb_use_builder":"off","_et_pb_old_content":"","_et_gb_content_width":"","footnotes":""},"class_list":["post-28402","page","type-page","status-publish","hentry"],"acf":[],"_links":{"self":[{"href":"https:\/\/aceloans.org\/es\/wp-json\/wp\/v2\/pages\/28402","targetHints":{"allow":["GET"]}}],"collection":[{"href":"https:\/\/aceloans.org\/es\/wp-json\/wp\/v2\/pages"}],"about":[{"href":"https:\/\/aceloans.org\/es\/wp-json\/wp\/v2\/types\/page"}],"author":[{"embeddable":true,"href":"https:\/\/aceloans.org\/es\/wp-json\/wp\/v2\/users\/1"}],"replies":[{"embeddable":true,"href":"https:\/\/aceloans.org\/es\/wp-json\/wp\/v2\/comments?post=28402"}],"version-history":[{"count":4,"href":"https:\/\/aceloans.org\/es\/wp-json\/wp\/v2\/pages\/28402\/revisions"}],"predecessor-version":[{"id":104448,"href":"https:\/\/aceloans.org\/es\/wp-json\/wp\/v2\/pages\/28402\/revisions\/104448"}],"wp:attachment":[{"href":"https:\/\/aceloans.org\/es\/wp-json\/wp\/v2\/media?parent=28402"}],"curies":[{"name":"wp","href":"https:\/\/api.w.org\/{rel}","templated":true}]}}