{"id":28164,"date":"2021-08-27T15:46:26","date_gmt":"2021-08-27T19:46:26","guid":{"rendered":"https:\/\/aceloans.org\/?page_id=28164"},"modified":"2021-08-27T17:10:58","modified_gmt":"2021-08-27T21:10:58","slug":"comience-su-capacitacion-en-linea-con-dreambuilder","status":"publish","type":"page","link":"https:\/\/aceloans.org\/es\/comience-su-capacitacion-en-linea-con-dreambuilder\/","title":{"rendered":"Comience su capacitaci\u00f3n en l\u00ednea con DreamBuilder"},"content":{"rendered":"\n<div class=\"wp-block-image\"><figure class=\"aligncenter size-large\"><a href=\"https:\/\/aceloans.org\/wp-content\/uploads\/2017\/02\/ACE-DreamBuilder-1024x211.jpg\"><img decoding=\"async\" width=\"1024\" height=\"211\" src=\"https:\/\/aceloans.org\/wp-content\/uploads\/2017\/02\/ACE-DreamBuilder-1024x211.jpg\" alt=\"\" class=\"wp-image-28241\" srcset=\"https:\/\/aceloans.org\/wp-content\/uploads\/2017\/02\/ACE-DreamBuilder-1024x211.jpg 1024w, https:\/\/aceloans.org\/wp-content\/uploads\/2017\/02\/ACE-DreamBuilder-300x62.jpg 300w, https:\/\/aceloans.org\/wp-content\/uploads\/2017\/02\/ACE-DreamBuilder-610x126.jpg 610w, https:\/\/aceloans.org\/wp-content\/uploads\/2017\/02\/ACE-DreamBuilder-1080x223.jpg 1080w, https:\/\/aceloans.org\/wp-content\/uploads\/2017\/02\/ACE-DreamBuilder.jpg 1390w\" sizes=\"(max-width: 1024px) 100vw, 1024px\" \/><\/a><\/figure><\/div>\n\n\n\n<div class=\"wpml-ls-statics-shortcode_actions wpml-ls wpml-ls-legacy-list-horizontal\">\n\t<ul><li class=\"wpml-ls-slot-shortcode_actions wpml-ls-item wpml-ls-item-en wpml-ls-first-item wpml-ls-item-legacy-list-horizontal\">\n\t\t\t\t<a href=\"https:\/\/aceloans.org\/\" class=\"wpml-ls-link\">\n                    <span class=\"wpml-ls-native\" lang=\"en\">English<\/span><span class=\"wpml-ls-display\"><span class=\"wpml-ls-bracket\"> (<\/span>Ingl\u00e9s<span class=\"wpml-ls-bracket\">)<\/span><\/span><\/a>\n\t\t\t<\/li><li class=\"wpml-ls-slot-shortcode_actions wpml-ls-item wpml-ls-item-es wpml-ls-current-language wpml-ls-last-item wpml-ls-item-legacy-list-horizontal\">\n\t\t\t\t<a href=\"https:\/\/aceloans.org\/es\/\" class=\"wpml-ls-link\">\n                    <span class=\"wpml-ls-native\">Espa\u00f1ol<\/span><\/a>\n\t\t\t<\/li><\/ul>\n<\/div>\n\n\n\n\n<div class=\"wp-block-columns is-layout-flex wp-container-core-columns-is-layout-1 wp-block-columns-is-layout-flex\">\n<div class=\"wp-block-column column-border is-layout-flow wp-block-column-is-layout-flow\">\n<h2 class=\"has-text-align-center wp-block-heading\">\u00bfC\u00f3mo ser parte del programa DreamBuilder?<\/h2>\n\n\n\n<div class=\"wp-block-buttons is-content-justification-center is-layout-flex wp-block-buttons-is-layout-flex\">\n<div class=\"wp-block-button has-custom-width wp-block-button__width-50 is-style-fill\"><a class=\"wp-block-button__link has-background no-border-radius\" href=\"https:\/\/aceloans.org\/wbc\/login\/\" style=\"background-color:#669900\">Haga clic aqu\u00ed para registrarse y unirse a DreamBuilder.<\/a><\/div>\n<\/div>\n<\/div>\n\n\n\n<div class=\"wp-block-column column-border is-layout-flow wp-block-column-is-layout-flow\">\n<h2 class=\"has-text-align-center wp-block-heading\">DreamBuilder Login<\/h2>\n\n\n\n<div class=\"wp-block-buttons is-content-justification-center is-layout-flex wp-block-buttons-is-layout-flex\">\n<div class=\"wp-block-button has-custom-width wp-block-button__width-50 is-style-outline is-style-outline--1\"><a class=\"wp-block-button__link has-text-color no-border-radius\" href=\"https:\/\/dreambuilder.bluedrop.io\/?cl=acewbc\" style=\"color:#f47d20\" target=\"_blank\" rel=\"noreferrer noopener\">Dreambuilder Login<\/a><\/div>\n<\/div>\n<\/div>\n<\/div>\n\n\n\n<h2 class=\"wp-block-heading\">\u00bfQu\u00e9 es DreamBuilder?<\/h2>\n\n\n\n<p>DreamBuilder: El Creador de Negocios para la Mujer es un curso \u00fanico de Capacitaci\u00f3n de Negocios y certificado que se realiza Online, disponible sin costo por medio del Internet, cuando y donde quiera que se encuentre.<\/p>\n\n\n\n<div class=\"wp-block-image\"><figure class=\"alignright\"><img decoding=\"async\" width=\"300\" height=\"300\" src=\"https:\/\/aceloans.org\/wp-content\/uploads\/2017\/02\/Picture1-300x300.png\" alt=\"Picture1\" class=\"wp-image-28243\" srcset=\"https:\/\/aceloans.org\/wp-content\/uploads\/2017\/02\/Picture1-300x300.png 300w, https:\/\/aceloans.org\/wp-content\/uploads\/2017\/02\/Picture1-150x150.png 150w, https:\/\/aceloans.org\/wp-content\/uploads\/2017\/02\/Picture1.png 508w\" sizes=\"(max-width: 300px) 100vw, 300px\" \/><\/figure><\/div>\n\n\n\n<ul class=\"wp-block-list\" id=\"block-561b242b-c2cf-4d58-b1b7-ebb255dbbd31\"><li>Los 13 Cursos ense\u00f1an los pasos b\u00e1sicos para iniciar y hacer crecer un negocio, incluyendo temas como Marketing, Finanzas, Recursos Humanos y poner Precios.<\/li><li>Cada curso es guiado por Alma, un personaje ficticio quien es due\u00f1a de su propia empresa. Alma comparte sus propias experiencias y conocimientos.<\/li><li>Los cursos tambi\u00e9n incluyen testimoniales de cuatro emprendedoras exitosas, ex\u00e1menes, y juegos interactivos.<\/li><li>Una telenovela surge durante el programa, ella entretiene, refuerza las lecciones aprendidas y motiva.<\/li><li>Un Generador de Plan de Negocio est\u00e1 incorporado en el programa, crea un plan de negocio personalizado que se puede editar y que emprendedoras puedan utilizar para solicitar apoyo para su negocio.<\/li><li>El programa contiene recursos innovadores para las participantes, incluyendo panales de discusi\u00f3n, mensajes, formularios de muestra, y plantillas \u00fatiles.<\/li><\/ul>\n\n\n\n<h2 class=\"wp-block-heading\">\u00bfPor qu\u00e9 DreamBuilder?<\/h2>\n\n\n\n<p>Empoderar a mujeres a trav\u00e9s de la educaci\u00f3n nos ofrece oportunidades para que vivan vidas m\u00e1s productivas y permite el desarrollo de comunidades m\u00e1s saludables y sustentables.<\/p>\n\n\n\n<p>Las mujeres reinvierten el 90% de sus ingresos en sus familias y comunidades (En comparaci\u00f3n con el 30% a 40% de los hombres). Las mujeres realizan el 66% del trabajo del mundo, pero solo ganan el 10% de los ingresos mundiales. La capacitaci\u00f3n permanente ayuda a disminuir esta brecha.<\/p>\n\n\n\n<blockquote class=\"wp-block-quote is-style-default is-layout-flow wp-block-quote-is-layout-flow\"><p>\u201c<em>As a new entrepreneur, I was anxious and overwhelmed with how to start a business. DreamBuilder has been a guide leading me step-by-step on my journey to becoming a business owner. The program has been awesome because it takes the unknown, explains it, and then applies it to a real life business scenario. Plus, it\u2019s very interactive and easy to follow along, helping with the business plan process. I have completed the program and because of its many tools, I will be able to review again any section to keep me on track for a successful business. DreamBuilder: The best tool for new entrepreneurs and follow-up tool for experienced entrepreneurs!<\/em>\u201d<\/p><cite>\u2013&nbsp;<strong>PARIS MOCK&nbsp;<\/strong><em>CLIENT, ACE WOMEN\u2019S BUSINESS CENTER<\/em><\/cite><\/blockquote>\n\n\n\n<div class=\"wp-block-group has-background\" style=\"background-color:#336600\"><div class=\"wp-block-group__inner-container is-layout-flow wp-block-group-is-layout-flow\">\n<h2 class=\"has-text-align-center has-white-color has-text-color wp-block-heading\">Initiate Prosperity<\/h2>\n\n\n\n<p class=\"has-text-align-center has-white-color has-text-color\">Users who have completed DreamBuilder qualify for the Initiate Prosperity program.<\/p>\n\n\n\n<div class=\"wp-block-buttons is-layout-flex wp-block-buttons-is-layout-flex\">\n<div class=\"wp-block-button has-custom-width wp-block-button__width-100 is-style-fill\"><a class=\"wp-block-button__link has-background no-border-radius\" href=\"https:\/\/aceloans.org\/initiate\/\" style=\"background-color:#669900\">Initiate Prosperity<\/a><\/div>\n<\/div>\n<\/div><\/div>\n\n\n\n<p><\/p>\n","protected":false},"excerpt":{"rendered":"<p>\u00bfC\u00f3mo ser parte del programa DreamBuilder? DreamBuilder Login \u00bfQu\u00e9 es DreamBuilder? DreamBuilder: El Creador de Negocios para la Mujer es un curso \u00fanico de Capacitaci\u00f3n de Negocios y certificado que se realiza Online, disponible sin costo por medio del Internet, cuando y donde quiera que se encuentre. Los 13 Cursos ense\u00f1an los pasos b\u00e1sicos para [&hellip;]<\/p>\n","protected":false},"author":1,"featured_media":28165,"parent":0,"menu_order":11,"comment_status":"closed","ping_status":"closed","template":"","meta":{"_acf_changed":false,"_et_pb_use_builder":"off","_et_pb_old_content":"","_et_gb_content_width":"","footnotes":""},"class_list":["post-28164","page","type-page","status-publish","has-post-thumbnail","hentry"],"acf":[],"_links":{"self":[{"href":"https:\/\/aceloans.org\/es\/wp-json\/wp\/v2\/pages\/28164","targetHints":{"allow":["GET"]}}],"collection":[{"href":"https:\/\/aceloans.org\/es\/wp-json\/wp\/v2\/pages"}],"about":[{"href":"https:\/\/aceloans.org\/es\/wp-json\/wp\/v2\/types\/page"}],"author":[{"embeddable":true,"href":"https:\/\/aceloans.org\/es\/wp-json\/wp\/v2\/users\/1"}],"replies":[{"embeddable":true,"href":"https:\/\/aceloans.org\/es\/wp-json\/wp\/v2\/comments?post=28164"}],"version-history":[{"count":27,"href":"https:\/\/aceloans.org\/es\/wp-json\/wp\/v2\/pages\/28164\/revisions"}],"predecessor-version":[{"id":28269,"href":"https:\/\/aceloans.org\/es\/wp-json\/wp\/v2\/pages\/28164\/revisions\/28269"}],"wp:featuredmedia":[{"embeddable":true,"href":"https:\/\/aceloans.org\/es\/wp-json\/wp\/v2\/media\/28165"}],"wp:attachment":[{"href":"https:\/\/aceloans.org\/es\/wp-json\/wp\/v2\/media?parent=28164"}],"curies":[{"name":"wp","href":"https:\/\/api.w.org\/{rel}","templated":true}]}}